{"id":123,"date":"2025-02-16T14:45:39","date_gmt":"2025-02-16T13:45:39","guid":{"rendered":"https:\/\/granit.casaweb.ch\/?page_id=123"},"modified":"2025-03-27T13:57:33","modified_gmt":"2025-03-27T12:57:33","slug":"impressum","status":"publish","type":"page","link":"http:\/\/bdgerance.ch\/de\/impressum\/","title":{"rendered":"Impressum"},"content":{"rendered":"<div class=\"casawp-legal__page casawp-legal__page--imprint\"><p>\n\t<strong>BD G\u00e9rance SA<\/strong>\n\n\t\t<br>Rue de Gruy\u00e8res 67\n\n\n\t\t<br>1630 Bulle\n\n\t\t<br>Schweiz\n<\/p>\n<p>\n\t\tTel +41 26 913 00 30\n\t\t<br><a href=\"mailto:info@bdgerance.ch\">info@bdgerance.ch<\/a>\n\t\t<br><a href=\"https:\/\/bdgerance.ch\">https:\/\/bdgerance.ch<\/a>\n<\/p>\n\n\t<p><br>UID: CHE-473.245.640 MWST<\/p>\n<br>\n<p><strong>Realisierung<\/strong><\/p>\n<p><strong>Casasoft AG<\/strong><br>\nThurgauerstrasse 36<br>\n8050 Z\u00fcrich<br>\n<a href=\"https:\/\/casasoft.ch\" target=\"_blank\">www.casasoft.ch<\/a><\/p>\n<\/div>","protected":false},"excerpt":{"rendered":"<p>BD G\u00e9rance SA Rue de Gruy\u00e8res 67 1630 Bulle Schweiz Tel +41 26 913 00 30 info@bdgerance.ch https:\/\/bdgerance.ch UID: CHE-473.245.640 MWST Realisierung Casasoft AG Thurgauerstrasse 36 8050 Z\u00fcrich www.casasoft.ch<\/p>\n","protected":false},"author":2,"featured_media":0,"parent":0,"menu_order":0,"comment_status":"closed","ping_status":"closed","template":"","meta":{"_acf_changed":false,"inline_featured_image":false,"footnotes":""},"class_list":["post-123","page","type-page","status-publish","hentry"],"acf":[],"yoast_head":"<!-- This site is optimized with the Yoast SEO plugin v26.6 - https:\/\/yoast.com\/wordpress\/plugins\/seo\/ -->\n<title>Impressum - BD G\u00e9rance SA Fribourg<\/title>\n<meta name=\"robots\" content=\"index, follow, max-snippet:-1, max-image-preview:large, max-video-preview:-1\" \/>\n<link rel=\"canonical\" href=\"http:\/\/bdgerance.ch\/de\/impressum\/\" \/>\n<meta property=\"og:locale\" content=\"de_DE\" \/>\n<meta property=\"og:type\" content=\"article\" \/>\n<meta property=\"og:title\" content=\"Impressum - BD G\u00e9rance SA Fribourg\" \/>\n<meta property=\"og:description\" content=\"BD G\u00e9rance SA Rue de Gruy\u00e8res 67 1630 Bulle Schweiz Tel +41 26 913 00 30 info@bdgerance.ch https:\/\/bdgerance.ch UID: CHE-473.245.640 MWST Realisierung Casasoft AG Thurgauerstrasse 36 8050 Z\u00fcrich www.casasoft.ch\" \/>\n<meta property=\"og:url\" content=\"http:\/\/bdgerance.ch\/de\/impressum\/\" \/>\n<meta property=\"og:site_name\" content=\"BD G\u00e9rance SA Fribourg\" \/>\n<meta property=\"article:modified_time\" content=\"2025-03-27T12:57:33+00:00\" \/>\n<meta name=\"twitter:card\" content=\"summary_large_image\" \/>\n<script type=\"application\/ld+json\" class=\"yoast-schema-graph\">{\"@context\":\"https:\/\/schema.org\",\"@graph\":[{\"@type\":\"WebPage\",\"@id\":\"http:\/\/bdgerance.ch\/de\/impressum\/\",\"url\":\"http:\/\/bdgerance.ch\/de\/impressum\/\",\"name\":\"Impressum - BD G\u00e9rance SA Fribourg\",\"isPartOf\":{\"@id\":\"https:\/\/bdgerance.ch\/#website\"},\"datePublished\":\"2025-02-16T13:45:39+00:00\",\"dateModified\":\"2025-03-27T12:57:33+00:00\",\"breadcrumb\":{\"@id\":\"http:\/\/bdgerance.ch\/de\/impressum\/#breadcrumb\"},\"inLanguage\":\"de\",\"potentialAction\":[{\"@type\":\"ReadAction\",\"target\":[\"http:\/\/bdgerance.ch\/de\/impressum\/\"]}]},{\"@type\":\"BreadcrumbList\",\"@id\":\"http:\/\/bdgerance.ch\/de\/impressum\/#breadcrumb\",\"itemListElement\":[{\"@type\":\"ListItem\",\"position\":1,\"name\":\"Startseite\",\"item\":\"https:\/\/bdgerance.ch\/de\/\"},{\"@type\":\"ListItem\",\"position\":2,\"name\":\"Impressum\"}]},{\"@type\":\"WebSite\",\"@id\":\"https:\/\/bdgerance.ch\/#website\",\"url\":\"https:\/\/bdgerance.ch\/\",\"name\":\"BD G\u00e9rance SA Fribourg\",\"description\":\"\",\"publisher\":{\"@id\":\"https:\/\/bdgerance.ch\/#organization\"},\"potentialAction\":[{\"@type\":\"SearchAction\",\"target\":{\"@type\":\"EntryPoint\",\"urlTemplate\":\"https:\/\/bdgerance.ch\/?s={search_term_string}\"},\"query-input\":{\"@type\":\"PropertyValueSpecification\",\"valueRequired\":true,\"valueName\":\"search_term_string\"}}],\"inLanguage\":\"de\"},{\"@type\":\"Organization\",\"@id\":\"https:\/\/bdgerance.ch\/#organization\",\"name\":\"BD G\u00e9rance SA Fribourg\",\"url\":\"https:\/\/bdgerance.ch\/\",\"logo\":{\"@type\":\"ImageObject\",\"inLanguage\":\"de\",\"@id\":\"https:\/\/bdgerance.ch\/#\/schema\/logo\/image\/\",\"url\":\"https:\/\/bdgerance.ch\/wp-content\/uploads\/sites\/364\/2025\/06\/BD-logo-large.png\",\"contentUrl\":\"https:\/\/bdgerance.ch\/wp-content\/uploads\/sites\/364\/2025\/06\/BD-logo-large.png\",\"width\":612,\"height\":136,\"caption\":\"BD G\u00e9rance SA Fribourg\"},\"image\":{\"@id\":\"https:\/\/bdgerance.ch\/#\/schema\/logo\/image\/\"}}]}<\/script>\n<!-- \/ Yoast SEO plugin. -->","yoast_head_json":{"title":"Impressum - BD G\u00e9rance SA Fribourg","robots":{"index":"index","follow":"follow","max-snippet":"max-snippet:-1","max-image-preview":"max-image-preview:large","max-video-preview":"max-video-preview:-1"},"canonical":"http:\/\/bdgerance.ch\/de\/impressum\/","og_locale":"de_DE","og_type":"article","og_title":"Impressum - BD G\u00e9rance SA Fribourg","og_description":"BD G\u00e9rance SA Rue de Gruy\u00e8res 67 1630 Bulle Schweiz Tel +41 26 913 00 30 info@bdgerance.ch https:\/\/bdgerance.ch UID: CHE-473.245.640 MWST Realisierung Casasoft AG Thurgauerstrasse 36 8050 Z\u00fcrich www.casasoft.ch","og_url":"http:\/\/bdgerance.ch\/de\/impressum\/","og_site_name":"BD G\u00e9rance SA Fribourg","article_modified_time":"2025-03-27T12:57:33+00:00","twitter_card":"summary_large_image","schema":{"@context":"https:\/\/schema.org","@graph":[{"@type":"WebPage","@id":"http:\/\/bdgerance.ch\/de\/impressum\/","url":"http:\/\/bdgerance.ch\/de\/impressum\/","name":"Impressum - BD G\u00e9rance SA Fribourg","isPartOf":{"@id":"https:\/\/bdgerance.ch\/#website"},"datePublished":"2025-02-16T13:45:39+00:00","dateModified":"2025-03-27T12:57:33+00:00","breadcrumb":{"@id":"http:\/\/bdgerance.ch\/de\/impressum\/#breadcrumb"},"inLanguage":"de","potentialAction":[{"@type":"ReadAction","target":["http:\/\/bdgerance.ch\/de\/impressum\/"]}]},{"@type":"BreadcrumbList","@id":"http:\/\/bdgerance.ch\/de\/impressum\/#breadcrumb","itemListElement":[{"@type":"ListItem","position":1,"name":"Startseite","item":"https:\/\/bdgerance.ch\/de\/"},{"@type":"ListItem","position":2,"name":"Impressum"}]},{"@type":"WebSite","@id":"https:\/\/bdgerance.ch\/#website","url":"https:\/\/bdgerance.ch\/","name":"BD G\u00e9rance SA Fribourg","description":"","publisher":{"@id":"https:\/\/bdgerance.ch\/#organization"},"potentialAction":[{"@type":"SearchAction","target":{"@type":"EntryPoint","urlTemplate":"https:\/\/bdgerance.ch\/?s={search_term_string}"},"query-input":{"@type":"PropertyValueSpecification","valueRequired":true,"valueName":"search_term_string"}}],"inLanguage":"de"},{"@type":"Organization","@id":"https:\/\/bdgerance.ch\/#organization","name":"BD G\u00e9rance SA Fribourg","url":"https:\/\/bdgerance.ch\/","logo":{"@type":"ImageObject","inLanguage":"de","@id":"https:\/\/bdgerance.ch\/#\/schema\/logo\/image\/","url":"https:\/\/bdgerance.ch\/wp-content\/uploads\/sites\/364\/2025\/06\/BD-logo-large.png","contentUrl":"https:\/\/bdgerance.ch\/wp-content\/uploads\/sites\/364\/2025\/06\/BD-logo-large.png","width":612,"height":136,"caption":"BD G\u00e9rance SA Fribourg"},"image":{"@id":"https:\/\/bdgerance.ch\/#\/schema\/logo\/image\/"}}]}},"_links":{"self":[{"href":"http:\/\/bdgerance.ch\/de\/wp-json\/wp\/v2\/pages\/123","targetHints":{"allow":["GET"]}}],"collection":[{"href":"http:\/\/bdgerance.ch\/de\/wp-json\/wp\/v2\/pages"}],"about":[{"href":"http:\/\/bdgerance.ch\/de\/wp-json\/wp\/v2\/types\/page"}],"author":[{"embeddable":true,"href":"http:\/\/bdgerance.ch\/de\/wp-json\/wp\/v2\/users\/2"}],"replies":[{"embeddable":true,"href":"http:\/\/bdgerance.ch\/de\/wp-json\/wp\/v2\/comments?post=123"}],"version-history":[{"count":0,"href":"http:\/\/bdgerance.ch\/de\/wp-json\/wp\/v2\/pages\/123\/revisions"}],"wp:attachment":[{"href":"http:\/\/bdgerance.ch\/de\/wp-json\/wp\/v2\/media?parent=123"}],"curies":[{"name":"wp","href":"https:\/\/api.w.org\/{rel}","templated":true}]}}